{"id":47,"date":"2026-04-28T16:42:17","date_gmt":"2026-04-28T16:42:17","guid":{"rendered":"https:\/\/koepi137.com\/?page_id=47"},"modified":"2026-04-28T16:47:05","modified_gmt":"2026-04-28T16:47:05","slug":"climbing-room","status":"publish","type":"page","link":"https:\/\/koepi137.com\/?page_id=47","title":{"rendered":"Climbing Room"},"content":{"rendered":"\n<p>English (German below):<\/p>\n\n\n\n<p><strong>Being one of the collectives at Koepi, the climbing room offers the possibilty for bouldering (and similar acitivity) in a large (50m\u00b2, 5m ceiling) space. Usual opening time is tuesday 5.30-6.30pm and upon request. You will find us on yard level, slightly left entrance &#8211; then take the second door to the right. You can donate if you want, but absolutely no pressure. Also, please contact us via email if you want to come at other times!<\/strong><br><br>A brief history in German:<\/p>\n\n\n\n<p>Der Kletterraum (ca. 50qm, 5m H\u00f6he) wurde 1994 von Bewohner:innen der K\u00f8pi mit Schr\u00e4gw\u00e4nden und Routen als Boulderraum eingerichtet, geriet zwishenzeitlich jedoch f\u00fcr fast 10 Jahre in Vergessenheit. Im Sommer 2009 begann eine kleine Gruppe, den Raum zu renovieren und wieder als Kletterraum nutzbar zu machen, und seit Oktober 2009 existiert der Boulderraum nunmehr als Teil des Projektezusammenhangs in der K\u00f8pi. <\/p>\n\n\n\n<p>German Info:<\/p>\n\n\n\n<p>Der Raum verf\u00fcgt \u00fcber eine Heizung f\u00fcr den Winter, Musik und nat\u00fcrlich viele nette Routen &#8211; manche sind auch f\u00fcr kleinere Menschen (Kinder) geeignet. Wir wollen den Raum als offenes unkommerzielles Projekt anbieten (kleine Spende k\u00f6nnt ihr geben, aber kein Stress, no pressure! Muss auch gar nicht), gemeinsam pflegen und noch gem\u00fctlicher gestalten, weitere Routen schrauben, etc. \u2026 Wir freuen uns immer \u00fcber Materialspenden, besonders alte nicht mehr genutzte Kletterschuhe k\u00f6nnen wir gut gebrauchen. Der Kletterraum befindet sich im K\u00f8pi-Hauptfl\u00fcgel vom Innenhof aus links, den kurzen Flur rein und hinter dem Infoladen die n\u00e4chste T\u00fcr. Kommt zu den \u00d6ffnungszeiten &#8211; in der Regel Dienstags ab 17.30-18.30, auch oft au\u00dferhalb dieser Zeit &#8211; gerne vorbei! Fragt gerne per Mail nach, wann offen ist oder wenn ihr zu einer bestimmten Zeit rein wollt.<br><br> Some impressions:<\/p>\n\n\n\n<figure class=\"wp-block-image\"><img loading=\"lazy\" decoding=\"async\" width=\"1512\" height=\"2016\" src=\"https:\/\/koepi137.com\/wp-content\/uploads\/2026\/04\/IMG_6235.jpg\" alt=\"\" class=\"wp-image-52\" srcset=\"https:\/\/koepi137.com\/wp-content\/uploads\/2026\/04\/IMG_6235.jpg 1512w, https:\/\/koepi137.com\/wp-content\/uploads\/2026\/04\/IMG_6235-225x300.jpg 225w, https:\/\/koepi137.com\/wp-content\/uploads\/2026\/04\/IMG_6235-768x1024.jpg 768w, https:\/\/koepi137.com\/wp-content\/uploads\/2026\/04\/IMG_6235-1152x1536.jpg 1152w\" sizes=\"auto, (max-width: 1512px) 100vw, 1512px\" \/><\/figure>\n\n\n\n<figure class=\"wp-block-image\"><img loading=\"lazy\" decoding=\"async\" width=\"1992\" height=\"1328\" src=\"https:\/\/koepi137.com\/wp-content\/uploads\/2026\/04\/MG_2934.jpg\" alt=\"\" class=\"wp-image-51\" srcset=\"https:\/\/koepi137.com\/wp-content\/uploads\/2026\/04\/MG_2934.jpg 1992w, https:\/\/koepi137.com\/wp-content\/uploads\/2026\/04\/MG_2934-300x200.jpg 300w, https:\/\/koepi137.com\/wp-content\/uploads\/2026\/04\/MG_2934-1024x683.jpg 1024w, https:\/\/koepi137.com\/wp-content\/uploads\/2026\/04\/MG_2934-768x512.jpg 768w, https:\/\/koepi137.com\/wp-content\/uploads\/2026\/04\/MG_2934-1536x1024.jpg 1536w\" sizes=\"auto, (max-width: 1992px) 100vw, 1992px\" \/><\/figure>\n\n\n\n<p><\/p>\n","protected":false},"excerpt":{"rendered":"<p>English (German below): Being one of the collectives at Koepi, the climbing room offers the possibilty for bouldering (and similar acitivity) in a large (50m\u00b2, 5m ceiling) space. Usual opening time is tuesday 5.30-6.30pm and upon request. You will find us on yard level, slightly left entrance &#8211; then take the second door to the [&hellip;]<\/p>\n","protected":false},"author":1,"featured_media":0,"parent":0,"menu_order":0,"comment_status":"closed","ping_status":"closed","template":"","meta":{"footnotes":""},"class_list":["post-47","page","type-page","status-publish","hentry"],"_links":{"self":[{"href":"https:\/\/koepi137.com\/index.php?rest_route=\/wp\/v2\/pages\/47","targetHints":{"allow":["GET"]}}],"collection":[{"href":"https:\/\/koepi137.com\/index.php?rest_route=\/wp\/v2\/pages"}],"about":[{"href":"https:\/\/koepi137.com\/index.php?rest_route=\/wp\/v2\/types\/page"}],"author":[{"embeddable":true,"href":"https:\/\/koepi137.com\/index.php?rest_route=\/wp\/v2\/users\/1"}],"replies":[{"embeddable":true,"href":"https:\/\/koepi137.com\/index.php?rest_route=%2Fwp%2Fv2%2Fcomments&post=47"}],"version-history":[{"count":4,"href":"https:\/\/koepi137.com\/index.php?rest_route=\/wp\/v2\/pages\/47\/revisions"}],"predecessor-version":[{"id":54,"href":"https:\/\/koepi137.com\/index.php?rest_route=\/wp\/v2\/pages\/47\/revisions\/54"}],"wp:attachment":[{"href":"https:\/\/koepi137.com\/index.php?rest_route=%2Fwp%2Fv2%2Fmedia&parent=47"}],"curies":[{"name":"wp","href":"https:\/\/api.w.org\/{rel}","templated":true}]}}